{"id":1713,"date":"2022-05-12T06:55:15","date_gmt":"2022-05-12T06:55:15","guid":{"rendered":"https:\/\/www.villamango-jeri.com.br\/room-02\/"},"modified":"2024-04-04T11:42:38","modified_gmt":"2024-04-04T11:42:38","slug":"room-02","status":"publish","type":"page","link":"https:\/\/www.villamango-jeri.com.br\/en\/suites\/room-02\/","title":{"rendered":"Room 02"},"content":{"rendered":"\t\t<div data-elementor-type=\"wp-page\" data-elementor-id=\"1713\" class=\"elementor elementor-1713 elementor-638\" data-elementor-post-type=\"page\">\n\t\t\t\t\t\t<section class=\"elementor-section elementor-top-section elementor-element elementor-element-df4a513 elementor-section-height-min-height elementor-section-boxed elementor-section-height-default elementor-section-items-middle\" data-id=\"df4a513\" data-element_type=\"section\" data-e-type=\"section\" id=\"head-section\" data-settings=\"{&quot;background_background&quot;:&quot;classic&quot;}\">\n\t\t\t\t\t\t\t<div class=\"elementor-background-overlay\"><\/div>\n\t\t\t\t\t\t\t<div class=\"elementor-container elementor-column-gap-default\">\n\t\t\t\t\t<div class=\"elementor-column elementor-col-100 elementor-top-column elementor-element elementor-element-a5dbe50\" data-id=\"a5dbe50\" data-element_type=\"column\" data-e-type=\"column\">\n\t\t\t<div class=\"elementor-widget-wrap elementor-element-populated\">\n\t\t\t\t\t\t<div class=\"elementor-element elementor-element-c16b1f7 elementor-widget elementor-widget-heading\" data-id=\"c16b1f7\" data-element_type=\"widget\" data-e-type=\"widget\" data-widget_type=\"heading.default\">\n\t\t\t\t<div class=\"elementor-widget-container\">\n\t\t\t\t\t<h1 class=\"elementor-heading-title elementor-size-default\">Room 02<\/h1>\t\t\t\t<\/div>\n\t\t\t\t<\/div>\n\t\t\t\t<div class=\"elementor-element elementor-element-b89a15b elementor-widget elementor-widget-heading\" data-id=\"b89a15b\" data-element_type=\"widget\" data-e-type=\"widget\" data-widget_type=\"heading.default\">\n\t\t\t\t<div class=\"elementor-widget-container\">\n\t\t\t\t\t<h2 class=\"elementor-heading-title elementor-size-default\">GARDEN<\/h2>\t\t\t\t<\/div>\n\t\t\t\t<\/div>\n\t\t\t\t<div class=\"elementor-element elementor-element-f506962 elementor-widget elementor-widget-sp-breadcrumbs\" data-id=\"f506962\" data-element_type=\"widget\" data-e-type=\"widget\" data-widget_type=\"sp-breadcrumbs.default\">\n\t\t\t\t<div class=\"elementor-widget-container\">\n\t\t\t\t\t<nav  aria-label=\"breadcrumb\"><ol class=\"breadcrumb\" itemscope itemtype=\"https:\/\/schema.org\/BreadcrumbList\"><li class=\"breadcrumb-item active\" aria-current=\"page\" itemprop=\"itemListElement\" itemscope itemtype=\"https:\/\/schema.org\/ListItem\"><span itemprop=\"name\">VILLA MANGO JERI<\/span><meta itemprop=\"position\" content=\"1\"><\/li><\/ol><\/nav>\t\t\t\t<\/div>\n\t\t\t\t<\/div>\n\t\t\t\t\t<\/div>\n\t\t<\/div>\n\t\t\t\t\t<\/div>\n\t\t<\/section>\n\t\t\t\t<section class=\"elementor-section elementor-top-section elementor-element elementor-element-ea29bd0 elementor-section-boxed elementor-section-height-default elementor-section-height-default\" data-id=\"ea29bd0\" data-element_type=\"section\" data-e-type=\"section\">\n\t\t\t\t\t\t<div class=\"elementor-container elementor-column-gap-default\">\n\t\t\t\t\t<div class=\"elementor-column elementor-col-100 elementor-top-column elementor-element elementor-element-7c2d886\" data-id=\"7c2d886\" data-element_type=\"column\" data-e-type=\"column\">\n\t\t\t<div class=\"elementor-widget-wrap elementor-element-populated\">\n\t\t\t\t\t\t<div class=\"elementor-element elementor-element-dd53285 elementor-widget elementor-widget-gallery\" data-id=\"dd53285\" data-element_type=\"widget\" data-e-type=\"widget\" data-settings=\"{&quot;gallery_layout&quot;:&quot;justified&quot;,&quot;ideal_row_height&quot;:{&quot;unit&quot;:&quot;px&quot;,&quot;size&quot;:450,&quot;sizes&quot;:[]},&quot;gap&quot;:{&quot;unit&quot;:&quot;px&quot;,&quot;size&quot;:40,&quot;sizes&quot;:[]},&quot;ideal_row_height_tablet&quot;:{&quot;unit&quot;:&quot;px&quot;,&quot;size&quot;:300,&quot;sizes&quot;:[]},&quot;ideal_row_height_mobile&quot;:{&quot;unit&quot;:&quot;px&quot;,&quot;size&quot;:400,&quot;sizes&quot;:[]},&quot;gap_tablet&quot;:{&quot;unit&quot;:&quot;px&quot;,&quot;size&quot;:10,&quot;sizes&quot;:[]},&quot;gap_mobile&quot;:{&quot;unit&quot;:&quot;px&quot;,&quot;size&quot;:10,&quot;sizes&quot;:[]},&quot;content_hover_animation&quot;:&quot;fade-in&quot;}\" data-widget_type=\"gallery.default\">\n\t\t\t\t<div class=\"elementor-widget-container\">\n\t\t\t\t\t\t\t<div class=\"elementor-gallery__container\">\n\t\t\t\t\t\t\t<div class=\"e-gallery-item elementor-gallery-item elementor-animated-content\">\n\t\t\t\t\t<div class=\"e-gallery-image elementor-gallery-item__image\" data-thumbnail=\"https:\/\/www.villamango-jeri.com.br\/wp-content\/uploads\/2022\/08\/quarto-02-sable-jeri-Quarto_01_079.jpg\" data-width=\"1400\" data-height=\"933\" aria-label=\"\" role=\"img\" ><\/div>\n\t\t\t\t\t\t\t\t\t\t\t\t\t\t<\/div>\n\t\t\t\t\t\t\t<div class=\"e-gallery-item elementor-gallery-item elementor-animated-content\">\n\t\t\t\t\t<div class=\"e-gallery-image elementor-gallery-item__image\" data-thumbnail=\"https:\/\/www.villamango-jeri.com.br\/wp-content\/uploads\/2022\/08\/quarto-02-sable-jeri-Sable_Quartos_151.jpg\" data-width=\"933\" data-height=\"1400\" aria-label=\"\" role=\"img\" ><\/div>\n\t\t\t\t\t\t\t\t\t\t\t\t\t\t<\/div>\n\t\t\t\t\t\t\t<div class=\"e-gallery-item elementor-gallery-item elementor-animated-content\">\n\t\t\t\t\t<div class=\"e-gallery-image elementor-gallery-item__image\" data-thumbnail=\"https:\/\/www.villamango-jeri.com.br\/wp-content\/uploads\/2022\/08\/quarto-02-sable-jeri-Sable_Quartos_147.jpg\" data-width=\"1400\" data-height=\"933\" aria-label=\"\" role=\"img\" ><\/div>\n\t\t\t\t\t\t\t\t\t\t\t\t\t\t<\/div>\n\t\t\t\t\t\t\t<div class=\"e-gallery-item elementor-gallery-item elementor-animated-content\">\n\t\t\t\t\t<div class=\"e-gallery-image elementor-gallery-item__image\" data-thumbnail=\"https:\/\/www.villamango-jeri.com.br\/wp-content\/uploads\/2022\/08\/quarto-02-sable-jeri-Sable_Quartos_146.jpg\" data-width=\"933\" data-height=\"1400\" aria-label=\"\" role=\"img\" ><\/div>\n\t\t\t\t\t\t\t\t\t\t\t\t\t\t<\/div>\n\t\t\t\t\t\t\t<div class=\"e-gallery-item elementor-gallery-item elementor-animated-content\">\n\t\t\t\t\t<div class=\"e-gallery-image elementor-gallery-item__image\" data-thumbnail=\"https:\/\/www.villamango-jeri.com.br\/wp-content\/uploads\/2022\/08\/quarto-02-sable-jeri-Sable_Quartos_142.jpg\" data-width=\"1400\" data-height=\"933\" aria-label=\"\" role=\"img\" ><\/div>\n\t\t\t\t\t\t\t\t\t\t\t\t\t\t<\/div>\n\t\t\t\t\t\t\t<div class=\"e-gallery-item elementor-gallery-item elementor-animated-content\">\n\t\t\t\t\t<div class=\"e-gallery-image elementor-gallery-item__image\" data-thumbnail=\"https:\/\/www.villamango-jeri.com.br\/wp-content\/uploads\/2022\/08\/quarto-02-sable-jeri-Sable_Quartos_138.jpg\" data-width=\"933\" data-height=\"1400\" aria-label=\"\" role=\"img\" ><\/div>\n\t\t\t\t\t\t\t\t\t\t\t\t\t\t<\/div>\n\t\t\t\t\t\t\t<div class=\"e-gallery-item elementor-gallery-item elementor-animated-content\">\n\t\t\t\t\t<div class=\"e-gallery-image elementor-gallery-item__image\" data-thumbnail=\"https:\/\/www.villamango-jeri.com.br\/wp-content\/uploads\/2022\/08\/quarto-02-sable-jeri-Sable_Quartos_128.jpg\" data-width=\"933\" data-height=\"1400\" aria-label=\"\" role=\"img\" ><\/div>\n\t\t\t\t\t\t\t\t\t\t\t\t\t\t<\/div>\n\t\t\t\t\t\t\t<div class=\"e-gallery-item elementor-gallery-item elementor-animated-content\">\n\t\t\t\t\t<div class=\"e-gallery-image elementor-gallery-item__image\" data-thumbnail=\"https:\/\/www.villamango-jeri.com.br\/wp-content\/uploads\/2022\/08\/quarto-02-sable-jeri-Sable_Quartos_127.jpg\" data-width=\"933\" data-height=\"1400\" aria-label=\"\" role=\"img\" ><\/div>\n\t\t\t\t\t\t\t\t\t\t\t\t\t\t<\/div>\n\t\t\t\t\t\t\t<div class=\"e-gallery-item elementor-gallery-item elementor-animated-content\">\n\t\t\t\t\t<div class=\"e-gallery-image elementor-gallery-item__image\" data-thumbnail=\"https:\/\/www.villamango-jeri.com.br\/wp-content\/uploads\/2022\/08\/quarto-02-sable-jeri-Sable_Quartos_126.jpg\" data-width=\"933\" data-height=\"1400\" aria-label=\"\" role=\"img\" ><\/div>\n\t\t\t\t\t\t\t\t\t\t\t\t\t\t<\/div>\n\t\t\t\t\t\t\t<div class=\"e-gallery-item elementor-gallery-item elementor-animated-content\">\n\t\t\t\t\t<div class=\"e-gallery-image elementor-gallery-item__image\" data-thumbnail=\"https:\/\/www.villamango-jeri.com.br\/wp-content\/uploads\/2022\/08\/quarto-02-sable-jeri-Sable_Quartos_121.jpg\" data-width=\"933\" data-height=\"1400\" aria-label=\"\" role=\"img\" ><\/div>\n\t\t\t\t\t\t\t\t\t\t\t\t\t\t<\/div>\n\t\t\t\t\t\t\t<div class=\"e-gallery-item elementor-gallery-item elementor-animated-content\">\n\t\t\t\t\t<div class=\"e-gallery-image elementor-gallery-item__image\" data-thumbnail=\"https:\/\/www.villamango-jeri.com.br\/wp-content\/uploads\/2022\/08\/quarto-02-sable-jeri-Sable_Quartos_114.jpg\" data-width=\"933\" data-height=\"1400\" aria-label=\"\" role=\"img\" ><\/div>\n\t\t\t\t\t\t\t\t\t\t\t\t\t\t<\/div>\n\t\t\t\t\t<\/div>\n\t\t\t\t\t<\/div>\n\t\t\t\t<\/div>\n\t\t\t\t\t<\/div>\n\t\t<\/div>\n\t\t\t\t\t<\/div>\n\t\t<\/section>\n\t\t\t\t<section class=\"elementor-section elementor-top-section elementor-element elementor-element-ffed084 elementor-section-content-middle quarto-mas elementor-section-boxed elementor-section-height-default elementor-section-height-default\" data-id=\"ffed084\" data-element_type=\"section\" data-e-type=\"section\">\n\t\t\t\t\t\t<div class=\"elementor-container elementor-column-gap-default\">\n\t\t\t\t\t<div class=\"elementor-column elementor-col-100 elementor-top-column elementor-element elementor-element-1dcbe2b\" data-id=\"1dcbe2b\" data-element_type=\"column\" data-e-type=\"column\">\n\t\t\t<div class=\"elementor-widget-wrap elementor-element-populated\">\n\t\t\t\t\t\t<div class=\"elementor-element elementor-element-9870580 elementor-widget elementor-widget-global elementor-global-1728 elementor-global-838 elementor-widget-text-editor\" data-id=\"9870580\" data-element_type=\"widget\" data-e-type=\"widget\" data-widget_type=\"text-editor.default\">\n\t\t\t\t<div class=\"elementor-widget-container\">\n\t\t\t\t\t\t\t\t\t<p><strong>Garden<\/strong><\/p>\n<p>View: Garden\/Coconut Tree<\/p>\n<p>Floor: ground floor<\/p>\n<p>Size: 25 m2<\/p>\n<p>Separate shower and toilets<\/p>\n<p>Occupancy: 2 guests (King size)<\/p>\n<p>Private terrace and hammock<\/p>\n\t\t\t\t\t\t\t\t<\/div>\n\t\t\t\t<\/div>\n\t\t\t\t<div class=\"elementor-element elementor-element-e05b8b5 elementor-align-center elementor-widget elementor-widget-button\" data-id=\"e05b8b5\" data-element_type=\"widget\" data-e-type=\"widget\" data-widget_type=\"button.default\">\n\t\t\t\t<div class=\"elementor-widget-container\">\n\t\t\t\t\t\t\t\t\t<div class=\"elementor-button-wrapper\">\n\t\t\t\t\t<a class=\"elementor-button elementor-button-link elementor-size-sm\" href=\"https:\/\/www.villamango-jeri.com.br\/en\/suites\/\">\n\t\t\t\t\t\t<span class=\"elementor-button-content-wrapper\">\n\t\t\t\t\t\t\t\t\t<span class=\"elementor-button-text\">See the other suites<\/span>\n\t\t\t\t\t<\/span>\n\t\t\t\t\t<\/a>\n\t\t\t\t<\/div>\n\t\t\t\t\t\t\t\t<\/div>\n\t\t\t\t<\/div>\n\t\t\t\t\t<\/div>\n\t\t<\/div>\n\t\t\t\t\t<\/div>\n\t\t<\/section>\n\t\t\t\t<\/div>\n\t\t","protected":false},"excerpt":{"rendered":"<p>Room 02 GARDEN VILLA MANGO JERI Garden Vista: Jardim\/Coqueiro Andar: piso t\u00e9rreo Tamanho: 25 m2 Chuveiro e Sanit\u00e1rios separados Ocupa\u00e7\u00e3o: 2 h\u00f3spedes (King size) Terra\u00e7o privado e rede See the other suites<\/p>\n","protected":false},"author":1,"featured_media":0,"parent":1802,"menu_order":2,"comment_status":"closed","ping_status":"closed","template":"","meta":{"_seopress_robots_primary_cat":"","_seopress_titles_title":"","_seopress_titles_desc":"","_seopress_robots_index":"","footnotes":""},"class_list":["post-1713","page","type-page","status-publish","hentry"],"_links":{"self":[{"href":"https:\/\/www.villamango-jeri.com.br\/en\/wp-json\/wp\/v2\/pages\/1713","targetHints":{"allow":["GET"]}}],"collection":[{"href":"https:\/\/www.villamango-jeri.com.br\/en\/wp-json\/wp\/v2\/pages"}],"about":[{"href":"https:\/\/www.villamango-jeri.com.br\/en\/wp-json\/wp\/v2\/types\/page"}],"author":[{"embeddable":true,"href":"https:\/\/www.villamango-jeri.com.br\/en\/wp-json\/wp\/v2\/users\/1"}],"replies":[{"embeddable":true,"href":"https:\/\/www.villamango-jeri.com.br\/en\/wp-json\/wp\/v2\/comments?post=1713"}],"version-history":[{"count":5,"href":"https:\/\/www.villamango-jeri.com.br\/en\/wp-json\/wp\/v2\/pages\/1713\/revisions"}],"predecessor-version":[{"id":4289,"href":"https:\/\/www.villamango-jeri.com.br\/en\/wp-json\/wp\/v2\/pages\/1713\/revisions\/4289"}],"up":[{"embeddable":true,"href":"https:\/\/www.villamango-jeri.com.br\/en\/wp-json\/wp\/v2\/pages\/1802"}],"wp:attachment":[{"href":"https:\/\/www.villamango-jeri.com.br\/en\/wp-json\/wp\/v2\/media?parent=1713"}],"curies":[{"name":"wp","href":"https:\/\/api.w.org\/{rel}","templated":true}]}}