{"id":1770,"date":"2022-05-13T08:06:20","date_gmt":"2022-05-13T08:06:20","guid":{"rendered":"https:\/\/www.villamango-jeri.com.br\/politique-de-confidentialite\/"},"modified":"2023-09-19T14:34:01","modified_gmt":"2023-09-19T14:34:01","slug":"politique-de-confidentialite","status":"publish","type":"page","link":"https:\/\/www.villamango-jeri.com.br\/fr\/politique-de-confidentialite\/","title":{"rendered":"Politique de confidentialit\u00e9"},"content":{"rendered":"\t\t<div data-elementor-type=\"wp-page\" data-elementor-id=\"1770\" class=\"elementor elementor-1770 elementor-1101\" data-elementor-post-type=\"page\">\n\t\t\t\t<div class=\"elementor-element elementor-element-1ca9341 e-flex e-con-boxed e-con e-parent\" data-id=\"1ca9341\" data-element_type=\"container\" data-e-type=\"container\" data-settings=\"{&quot;background_background&quot;:&quot;classic&quot;}\">\n\t\t\t\t\t<div class=\"e-con-inner\">\n\t\t\t\t\t<\/div>\n\t\t\t\t<\/div>\n\t\t\t\t<section class=\"elementor-section elementor-top-section elementor-element elementor-element-168ace09 elementor-section-boxed elementor-section-height-default elementor-section-height-default\" data-id=\"168ace09\" data-element_type=\"section\" data-e-type=\"section\">\n\t\t\t\t\t\t<div class=\"elementor-container elementor-column-gap-default\">\n\t\t\t\t\t<div class=\"elementor-column elementor-col-100 elementor-top-column elementor-element elementor-element-69d73135\" data-id=\"69d73135\" data-element_type=\"column\" data-e-type=\"column\">\n\t\t\t<div class=\"elementor-widget-wrap elementor-element-populated\">\n\t\t\t\t\t\t<div class=\"elementor-element elementor-element-17c95b9 elementor-widget elementor-widget-heading\" data-id=\"17c95b9\" data-element_type=\"widget\" data-e-type=\"widget\" data-widget_type=\"heading.default\">\n\t\t\t\t<div class=\"elementor-widget-container\">\n\t\t\t\t\t<h1 class=\"elementor-heading-title elementor-size-default\">Politique de confidentialit\u00e9<\/h1>\t\t\t\t<\/div>\n\t\t\t\t<\/div>\n\t\t\t\t<div class=\"elementor-element elementor-element-424e7bee elementor-widget elementor-widget-text-editor\" data-id=\"424e7bee\" data-element_type=\"widget\" data-e-type=\"widget\" data-widget_type=\"text-editor.default\">\n\t\t\t\t<div class=\"elementor-widget-container\">\n\t\t\t\t\t\t\t\t\t<h2>Qui nous sommes<\/h2>\n<p>L&rsquo;adresse de notre site web est la suivante : https:\/\/villamango-jeri.com.br.<\/p>\n<h2>commentaires<\/h2>\n<p>Lorsque les visiteurs laissent des commentaires sur le site Web, les donn\u00e9es pr\u00e9sentes dans le formulaire de commentaires, ainsi que l&rsquo;adresse IP et l&rsquo;agent utilisateur du navigateur, sont stock\u00e9es pour aider \u00e0 la d\u00e9tection du spam.<\/p>\n<p>Une cha\u00eene anonyme cr\u00e9\u00e9e \u00e0 partir de votre adresse e-mail (\u00e9galement appel\u00e9e hachage) peut \u00eatre envoy\u00e9e au service Gravatar pour v\u00e9rifier que vous l&rsquo;utilisez. La politique de confidentialit\u00e9 du service Gravatar est disponible ici : https:\/\/automattic.com\/privacy\/. Une fois votre commentaire approuv\u00e9, votre photo de profil est visible publiquement \u00e0 c\u00f4t\u00e9 de votre commentaire.<\/p>\n<h2>multim\u00e9dia<\/h2>\n<p>Lorsque vous t\u00e9l\u00e9chargez des images sur le site Web, vous devez \u00e9viter de t\u00e9l\u00e9charger des images avec des donn\u00e9es de g\u00e9olocalisation int\u00e9gr\u00e9es (EXIF GPS). Les visiteurs peuvent t\u00e9l\u00e9charger et extraire des donn\u00e9es de g\u00e9olocalisation \u00e0 partir d&rsquo;images sur le site.<\/p>\n<h2>Cookies<\/h2>\n<p>Si vous laissez un commentaire sur notre site Web, vous pouvez choisir d&rsquo;enregistrer votre nom, votre adresse e-mail et votre site Web dans des cookies. Ceci est pour votre commodit\u00e9 afin que vous n&rsquo;ayez pas \u00e0 saisir \u00e0 nouveau vos coordonn\u00e9es lorsque vous laissez un autre commentaire. Ces cookies dureront un an.<\/p>\n<p>Si vous visitez la page de connexion, un cookie temporaire sera install\u00e9 pour d\u00e9terminer si votre navigateur accepte les cookies. Ce cookie ne contient pas de donn\u00e9es personnelles et sera supprim\u00e9 lorsque vous fermerez votre navigateur.<\/p>\n<p>Lors de la connexion, certains cookies seront d\u00e9finis pour enregistrer vos informations de session et vos choix d&rsquo;affichage \u00e0 l&rsquo;\u00e9cran. Les cookies de connexion durent un an. Si vous s\u00e9lectionnez \u00ab\u00a0Se souvenir de moi\u00a0\u00bb, votre session durera deux semaines. Lors de la d\u00e9connexion, les cookies de connexion seront supprim\u00e9s.<\/p>\n<p>Si vous \u00e9ditez ou publiez un article, un cookie suppl\u00e9mentaire sera stock\u00e9 dans votre navigateur. Ce cookie n&rsquo;inclut pas de donn\u00e9es personnelles, il indique uniquement l&rsquo;ID de contenu de l&rsquo;article que vous venez d&rsquo;\u00e9diter. Expire apr\u00e8s 1 jour.<\/p>\n<h2>Contenu int\u00e9gr\u00e9 d&rsquo;autres sites Web<\/h2>\n<p>Les articles de ce site peuvent inclure des contenus int\u00e9gr\u00e9s (par exemple des vid\u00e9os, des images, des articles, etc.). Le contenu int\u00e9gr\u00e9 d&rsquo;autres sites Web se comporte comme si l&rsquo;utilisateur visitait ces sites Web.<\/p>\n<p>Ce site peut collecter des donn\u00e9es vous concernant, utiliser des cookies, int\u00e9grer un suivi tiers, surveiller vos interactions avec celui-ci, y compris l&rsquo;enregistrement des interactions avec le contenu int\u00e9gr\u00e9 si vous avez un compte et \u00eates connect\u00e9 \u00e0 ce site.<\/p>\n<h2>Avec qui vos donn\u00e9es sont partag\u00e9es<\/h2>\n<p>Si vous demandez une r\u00e9initialisation de mot de passe, votre adresse IP sera incluse dans l&rsquo;e-mail de r\u00e9initialisation.<\/p>\n<h2>Combien de temps vos donn\u00e9es sont-elles conserv\u00e9es<\/h2>\n<p>Si vous laissez un commentaire, le commentaire et ses m\u00e9tadonn\u00e9es sont enregistr\u00e9s ind\u00e9finiment. Ceci afin que tous les commentaires ult\u00e9rieurs puissent \u00eatre automatiquement reconnus et approuv\u00e9s, plut\u00f4t que de les mettre dans une file d&rsquo;attente de mod\u00e9ration.<\/p>\n<p>Pour les utilisateurs qui s&rsquo;inscrivent sur notre site (le cas \u00e9ch\u00e9ant), nous stockons les informations personnelles fournies dans votre profil d&rsquo;utilisateur. Tous les utilisateurs peuvent consulter, modifier ou supprimer leurs informations personnelles \u00e0 tout moment (\u00e0 l&rsquo;exception du fait qu&rsquo;ils ne peuvent pas modifier leur nom d&rsquo;utilisateur). Les administrateurs du site peuvent \u00e9galement afficher et modifier ces informations.<\/p>\n<h2>Quels droits avez-vous sur vos donn\u00e9es ?<\/h2>\n<p>Si vous avez un compte sur ce site, ou avez laiss\u00e9 des commentaires, vous pouvez demander \u00e0 recevoir un fichier d&rsquo;exportation avec les donn\u00e9es personnelles d\u00e9tenues \u00e0 votre sujet, y compris les donn\u00e9es personnelles que vous avez fournies. Vous pouvez \u00e9galement demander la suppression des donn\u00e9es enregistr\u00e9es. Cela n&rsquo;inclut pas les donn\u00e9es personnelles qui doivent \u00eatre conserv\u00e9es \u00e0 des fins administratives, juridiques ou de s\u00e9curit\u00e9.<\/p>\n<h2>O\u00f9 vos donn\u00e9es sont-elles envoy\u00e9es&nbsp;?<\/h2>\n<p>Les commentaires des visiteurs peuvent \u00eatre v\u00e9rifi\u00e9s gr\u00e2ce \u00e0 un service de d\u00e9tection automatique de spam.<\/p>\n<div id=\"gtx-trans\" style=\"position: absolute; left: 285px; top: 50.8281px;\">\n<div class=\"gtx-trans-icon\"> <\/div>\n<\/div>\n\t\t\t\t\t\t\t\t<\/div>\n\t\t\t\t<\/div>\n\t\t\t\t\t<\/div>\n\t\t<\/div>\n\t\t\t\t\t<\/div>\n\t\t<\/section>\n\t\t\t\t<\/div>\n\t\t","protected":false},"excerpt":{"rendered":"<p>Politique de confidentialit\u00e9 Qui nous sommes L&rsquo;adresse de notre site web est la suivante : https:\/\/villamango-jeri.com.br. commentaires Lorsque les visiteurs laissent des commentaires sur le site Web, les donn\u00e9es pr\u00e9sentes dans le formulaire de commentaires, ainsi que l&rsquo;adresse IP et l&rsquo;agent utilisateur du navigateur, sont stock\u00e9es pour aider \u00e0 la d\u00e9tection du spam. Une cha\u00eene [&hellip;]<\/p>\n","protected":false},"author":1,"featured_media":0,"parent":0,"menu_order":100,"comment_status":"closed","ping_status":"closed","template":"","meta":{"_seopress_robots_primary_cat":"","_seopress_titles_title":"","_seopress_titles_desc":"","_seopress_robots_index":"oui","footnotes":""},"class_list":["post-1770","page","type-page","status-publish","hentry"],"_links":{"self":[{"href":"https:\/\/www.villamango-jeri.com.br\/fr\/wp-json\/wp\/v2\/pages\/1770","targetHints":{"allow":["GET"]}}],"collection":[{"href":"https:\/\/www.villamango-jeri.com.br\/fr\/wp-json\/wp\/v2\/pages"}],"about":[{"href":"https:\/\/www.villamango-jeri.com.br\/fr\/wp-json\/wp\/v2\/types\/page"}],"author":[{"embeddable":true,"href":"https:\/\/www.villamango-jeri.com.br\/fr\/wp-json\/wp\/v2\/users\/1"}],"replies":[{"embeddable":true,"href":"https:\/\/www.villamango-jeri.com.br\/fr\/wp-json\/wp\/v2\/comments?post=1770"}],"version-history":[{"count":5,"href":"https:\/\/www.villamango-jeri.com.br\/fr\/wp-json\/wp\/v2\/pages\/1770\/revisions"}],"predecessor-version":[{"id":4154,"href":"https:\/\/www.villamango-jeri.com.br\/fr\/wp-json\/wp\/v2\/pages\/1770\/revisions\/4154"}],"wp:attachment":[{"href":"https:\/\/www.villamango-jeri.com.br\/fr\/wp-json\/wp\/v2\/media?parent=1770"}],"curies":[{"name":"wp","href":"https:\/\/api.w.org\/{rel}","templated":true}]}}