{"id":1991,"date":"2022-05-23T06:30:23","date_gmt":"2022-05-23T06:30:23","guid":{"rendered":"https:\/\/www.villamango-jeri.com.br\/mentions-legales\/"},"modified":"2023-09-19T14:33:04","modified_gmt":"2023-09-19T14:33:04","slug":"mentions-legales","status":"publish","type":"page","link":"https:\/\/www.villamango-jeri.com.br\/fr\/mentions-legales\/","title":{"rendered":"mentions l\u00e9gales"},"content":{"rendered":"\t\t<div data-elementor-type=\"wp-page\" data-elementor-id=\"1991\" class=\"elementor elementor-1991 elementor-1953\" data-elementor-post-type=\"page\">\n\t\t\t\t<div class=\"elementor-element elementor-element-81a44f0 e-flex e-con-boxed e-con e-parent\" data-id=\"81a44f0\" data-element_type=\"container\" data-e-type=\"container\" data-settings=\"{&quot;background_background&quot;:&quot;classic&quot;}\">\n\t\t\t\t\t<div class=\"e-con-inner\">\n\t\t\t\t\t<\/div>\n\t\t\t\t<\/div>\n\t\t\t\t<section class=\"elementor-section elementor-top-section elementor-element elementor-element-3f05afc1 elementor-section-boxed elementor-section-height-default elementor-section-height-default\" data-id=\"3f05afc1\" data-element_type=\"section\" data-e-type=\"section\">\n\t\t\t\t\t\t<div class=\"elementor-container elementor-column-gap-default\">\n\t\t\t\t\t<div class=\"elementor-column elementor-col-100 elementor-top-column elementor-element elementor-element-6132a8d1\" data-id=\"6132a8d1\" data-element_type=\"column\" data-e-type=\"column\">\n\t\t\t<div class=\"elementor-widget-wrap elementor-element-populated\">\n\t\t\t\t\t\t<div class=\"elementor-element elementor-element-127d423f elementor-widget elementor-widget-text-editor\" data-id=\"127d423f\" data-element_type=\"widget\" data-e-type=\"widget\" data-widget_type=\"text-editor.default\">\n\t\t\t\t<div class=\"elementor-widget-container\">\n\t\t\t\t\t\t\t\t\t<h2>1. Pr\u00e9sentation du site Internet<\/h2>\n<p>VILLA MANGO JERI<br \/>Rua Joao Juliao S\/N<br \/>Village de Jericoacoara<br \/>67, Jijoca de Jericoacoara<br \/>CE, 62598-000, Br\u00e9sil<\/p>\n<p><strong>CR\u00c9ATEUR DE SITE INTERNET<\/strong><br \/>AGENCE JR<br \/>https:\/\/jr.agency<\/p>\n<h2>2. Conditions g\u00e9n\u00e9rales d&rsquo;utilisation du site et des services propos\u00e9s<\/h2>\n<p>L&rsquo;utilisation du site villamango-jeri.com.br implique l&rsquo;acceptation pleine et enti\u00e8re des conditions g\u00e9n\u00e9rales d&rsquo;utilisation ci-apr\u00e8s d\u00e9crites. Ces conditions d&rsquo;utilisation sont susceptibles d&rsquo;\u00eatre modifi\u00e9es ou compl\u00e9t\u00e9es \u00e0 tout moment, les utilisateurs du site villamango-jeri.com.br sont donc invit\u00e9s \u00e0 les consulter de mani\u00e8re r\u00e9guli\u00e8re.<br \/>Ce site Web est normalement accessible \u00e0 tout moment aux utilisateurs. Une interruption due \u00e0 une maintenance technique peut toutefois \u00eatre d\u00e9cid\u00e9e par la VILLA MANGO JERI.<br \/>Ce site est propos\u00e9 dans diff\u00e9rentes langues Web. Pour un meilleur confort d&rsquo;utilisation et un graphisme plus agr\u00e9able, nous vous recommandons d&rsquo;utiliser des navigateurs modernes comme Internet Explorer, Safari, Firefox, Google Chrome, etc.<\/p>\n<h2>3. Description des services fournis<\/h2>\n<p>Le site villamango-jeri.com.br a pour objet de fournir une information concernant l&rsquo;ensemble des activit\u00e9s de la soci\u00e9t\u00e9.a<br \/>VILLA MANGO JERI s&rsquo;efforce de fournir sur ce site des informations aussi pr\u00e9cises que possible. Toutefois, il ne saurait \u00eatre tenu pour responsable des omissions, des inexactitudes et des carences dans la mise \u00e0 jour, soit de votre fait, soit des tiers partenaires qui vous fournissent ces informations.<br \/>Tous les informations indiqu\u00e9es sur le site villamango-jeri.com.br sont donn\u00e9es \u00e0 titre indicatif, et sont susceptibles d&rsquo;\u00e9voluer. Par ailleurs, les informations contenues sur ce site ne sont pas exhaustives. Ils sont donn\u00e9s sous r\u00e9serve de modifications ayant \u00e9t\u00e9 apport\u00e9es depuis leur mise en ligne.<\/p>\n<h2>4. Limitations contractuelles sur les donn\u00e9es techniques<\/h2>\n<p>Les informations contenues sur ce site sont aussi pr\u00e9cises que possible et le site est mis \u00e0 jour \u00e0 diff\u00e9rentes p\u00e9riodes de l&rsquo;ann\u00e9e, mais peut toutefois contenir des inexactitudes ou des omissions. Si vous remarquez une lacune, une erreur ou ce qui semble \u00eatre un dysfonctionnement, veuillez le signaler par e-mail.<br \/>Tout contenu t\u00e9l\u00e9charg\u00e9 se fait aux risques et p\u00e9rils de l&rsquo;utilisateur et sous sa seule responsabilit\u00e9. En cons\u00e9quence, il ne pourra \u00eatre tenu responsable d&rsquo;un quelconque dommage subi par l&rsquo;ordinateur de l&rsquo;utilisateur ou d&rsquo;une quelconque perte de donn\u00e9es cons\u00e9cutives au t\u00e9l\u00e9chargement. De plus, l&rsquo;utilisateur du site s&rsquo;engage \u00e0 acc\u00e9der au site en utilisant un mat\u00e9riel r\u00e9cent, ne contenant pas de virus et avec un navigateur mis-\u00e0-jour et \u00e0 la pointe de la technologie.<br \/>Les liens hypertextes mis en place dans le cadre du pr\u00e9sent site en direction d&rsquo;autres ressources pr\u00e9sentes sur le r\u00e9seau Internet ne sauraient engager la responsabilit\u00e9 de la VILLA MANGO JERI.<\/p>\n<h2>5. Propri\u00e9t\u00e9 intellectuelle et contrefa\u00e7ons<\/h2>\n<p>Tout le contenu du pr\u00e9sent site Internet villamango-jeri.com.br, incluant, de fa\u00e7on non limitative, les graphismes, images, textes, vid\u00e9os, animations, sons, logos, gifs et ic\u00f4nes ainsi que leur mise en forme sont la propri\u00e9t\u00e9 exclusive de l&rsquo;entreprise. \u00e0 l&rsquo;exception des marques, logos ou contenus appartenant \u00e0 d&rsquo;autres soci\u00e9t\u00e9s partenaires ou auteurs.<br \/>Toute reproduction, distribution, modification, adaptation, retransmission ou publication, m\u00eame partielle, de ces diff\u00e9rents \u00e9l\u00e9ments est strictement interdite sans l&rsquo;accord expr\u00e8s par \u00e9crit de VILLA MANGO JERI. Cette repr\u00e9sentation ou reproduction, par quelque proc\u00e9d\u00e9 que ce soit, constitue une contrefa\u00e7on sanctionn\u00e9e par les articles L.335-2 et suivants du Code de la propri\u00e9t\u00e9 intellectuelle. Le non-respect de cette interdiction constitue une infraction susceptible d&rsquo;engager la responsabilit\u00e9 civile et p\u00e9nale du contrefacteur. De plus, les propri\u00e9taires du contenu copi\u00e9 peuvent intenter une action en justice contre vous.<\/p>\n<h2>6. Limitation de responsabilit\u00e9<\/h2>\n<p>La VILLA MANGO JERI ne pourra \u00eatre tenue responsable des dommages directs et indirects caus\u00e9s au mat\u00e9riel de l&rsquo;utilisateur, lors de l&rsquo;acc\u00e8s au site villamango-jeri.com.br, et r\u00e9sultant soit de l&rsquo;utilisation d&rsquo;un mat\u00e9riel ne r\u00e9pondant pas aux sp\u00e9cifications indiqu\u00e9es au point 4, soit de l&rsquo;apparition d&rsquo;un bug ou d&rsquo;une incompatibilit\u00e9.<br \/>VILLA MANGO JERI ne peut \u00e9galement \u00eatre tenue pour responsable des dommages indirects (tels que perte de parts de march\u00e9 ou perte d&rsquo;une chance) r\u00e9sultant de l&rsquo;utilisation du site Internet villamango-jeri.com.br.<br \/>Des espaces interactifs (ex. possibilit\u00e9 de poser des questions dans l&rsquo;espace contact) sont \u00e0 la disposition des utilisateurs. VILLA MANGO JERI se r\u00e9serve le droit de supprimer, sans mise en demeure pr\u00e9alable, tout contenu d\u00e9pos\u00e9 dans cet espace qui contreviendrait \u00e0 la l\u00e9gislation applicable en France, en particulier aux dispositions relatives \u00e0 la protection des donn\u00e9es. Le cas \u00e9ch\u00e9ant, VILLA MANGO JERI se r\u00e9serve \u00e9galement la possibilit\u00e9 de mettre en cause la responsabilit\u00e9 civile et\/ou p\u00e9nale de l&rsquo;utilisateur, notamment en cas de message \u00e0 caract\u00e8re raciste, sexiste, injurieux, diffamant, ou pornographique, quel que soit le support utilis\u00e9. (texte, photo\u2026).<\/p>\n<h2>7. Gestion des donn\u00e9es personnelles<\/h2>\n<p>En g\u00e9n\u00e9ral, vous n&rsquo;\u00eates pas oblig\u00e9 de nous communiquer vos donn\u00e9es personnelles lorsque vous visitez notre site web villamango-jeri.com.br.<br \/>Cependant, ce principe conna\u00eet quelques exceptions. En effet, pour certains services propos\u00e9s par notre site internet, il peut vous \u00eatre demand\u00e9 de nous fournir certaines donn\u00e9es telles que : votre nom, votre fonction, le nom de votre entreprise, votre adresse email et votre num\u00e9ro de t\u00e9l\u00e9phone. C&rsquo;est le cas lorsque vous remplissez le formulaire qui vous est propos\u00e9 en ligne, dans la rubrique \u00ab contact \u00bb.<br \/>Dans tous les cas, vous pouvez refuser de fournir vos donn\u00e9es personnelles. Dans ce cas, vous ne pourrez pas utiliser les services du site, \u00e0 savoir demander des informations sur notre soci\u00e9t\u00e9, ni recevoir de newsletters.<br \/>Enfin, nous pouvons \u00eatre amen\u00e9s \u00e0 collecter de mani\u00e8re automatique certaines informations vous concernant lors d&rsquo;une simple navigation sur notre site, notamment : des informations relatives \u00e0 votre utilisation de notre site, telles que les zones que vous visitez et les services auxquels vous acc\u00e9dez, votre adresse IP, votre type de navigateur, son temps d&rsquo;acc\u00e8s.<br \/>Ces informations sont utilis\u00e9es exclusivement \u00e0 des fins statistiques internes afin d&rsquo;am\u00e9liorer la qualit\u00e9 des services qui vous sont offerts.<br \/>Aucune information personnelle de l&rsquo;utilisateur du site villamango-jeri.com.br n&rsquo;est publi\u00e9e \u00e0 l&rsquo;insu de l&rsquo;utilisateur, \u00e9chang\u00e9e, transf\u00e9r\u00e9e, c\u00e9d\u00e9e ou vendue sur un support quelconque \u00e0 des tiers. Seule l&rsquo;hypoth\u00e8se du rachat de VILLA MANGO JERI et de ses droits permettrait la transmission des dites informations \u00e0 l&rsquo;\u00e9ventuel acqu\u00e9reur qui serait \u00e0 son tour tenu de la m\u00eame obligation de conservation et de modification des donn\u00e9es vis \u00e0 vis de l&rsquo;utilisateur du site villamango-jeri.com.br.<\/p>\n<h2>8. Liens hypertextes et cookies<\/h2>\n<p>Les Sites peuvent proposer des liens vers d&rsquo;autres sites ou d&rsquo;autres ressources disponibles sur Internet. VILLA MANGO JERI ne dispose d&rsquo;aucun moyen pour contr\u00f4ler les sites en connexion avec ces sites et ne r\u00e9pond pas de la disponibilit\u00e9 de tels sites et sources externes ni ne la garantit. VILLA MANGO JERI ne peut \u00eatre tenue pour responsable de tout dommage, de quelque nature que ce soit, r\u00e9sultant du contenu de ces sites ou sources externes, et notamment des informations, produits ou services qu&rsquo;ils proposent, ou de tout usage qui peut \u00eatre fait de ces \u00e9l\u00e9ments. Les risques li\u00e9s \u00e0 cette utilisation rel\u00e8vent de la seule responsabilit\u00e9 de l&rsquo;internaute, qui doit en respecter les conditions d&rsquo;utilisation.<br \/>Les utilisateurs, les abonn\u00e9s et les visiteurs ne peuvent mettre en place un hyperlien en direction de ce site sans l&rsquo;autorisation expresse et pr\u00e9alable de VILLA MANGO JERI.<br \/>Dans l&rsquo;hypoth\u00e8se o\u00f9 un utilisateur ou visiteur souhaiterait mettre en place un hyperlien en direction d&rsquo;un des sites internet de VILLA MANGO JERI, il lui appartiendra d&rsquo;adresser un email accessible sur le site afin de formuler sa demande de mise en place d&rsquo;un hyperlien. VILLA MANGO JERI se r\u00e9serve le droit d&rsquo;accepter ou de refuser un lien hypertexte sans avoir \u00e0 motiver sa d\u00e9cision.<br \/>La navigation sur le site villamango-jeri.com.br peut entra\u00eener l&rsquo;installation de cookies sur l&rsquo;ordinateur de l&rsquo;utilisateur. Un cookie est un fichier de petite taille, qui ne permet pas d&rsquo;identifier l&rsquo;utilisateur, mais qui enregistre des informations relatives \u00e0 la navigation d&rsquo;un ordinateur sur un site Internet. Les donn\u00e9es ainsi obtenues visent \u00e0 faciliter la navigation ult\u00e9rieure sur le site, et ont \u00e9galement vocation \u00e0 permettre diverses mesures d&rsquo;assiduit\u00e9.<br \/>Le refus d&rsquo;installation d&rsquo;un cookie peut entra\u00eener l&rsquo;impossibilit\u00e9 d&rsquo;acc\u00e9der \u00e0 certains services. Toutefois, l&rsquo;utilisateur peut configurer son ordinateur de la mani\u00e8re suivante pour refuser l&rsquo;installation des cookies :<br \/>Sous Internet Explorer : onglet outils (pictogramme en forme d&rsquo;engrenage en haut \u00e0 droite) \/ options internet. Cliquez sur Confidentialit\u00e9 et choisissez Bloquer tous les cookies. Validez sur OK.<br \/>Dans Firefox : En haut de la fen\u00eatre du navigateur, cliquez sur le bouton Firefox et acc\u00e9dez \u00e0 l&rsquo;onglet Options. Cliquez sur l&rsquo;onglet Confidentialit\u00e9. D\u00e9finir les r\u00e8gles de conservation sur&nbsp;: utiliser les param\u00e8tres personnalis\u00e9s pour l&rsquo;historique. Enfin, d\u00e9cochez-la pour d\u00e9sactiver les cookies.<br \/>Sous Safari : Dans le coin sup\u00e9rieur droit du navigateur, cliquez sur l&rsquo;ic\u00f4ne de menu (symbolis\u00e9e par une roue dent\u00e9e). S\u00e9lectionnez Param\u00e8tres. Cliquez sur Afficher les param\u00e8tres avanc\u00e9s. Dans la section \u00ab\u00a0Confidentialit\u00e9\u00a0\u00bb, cliquez sur Param\u00e8tres de contenu. Dans la rubrique \u00ab Cookies \u00bb, vous pouvez bloquer les cookies.<br \/>Sous Chrome : Cliquez dans le coin sup\u00e9rieur droit du navigateur sur l&rsquo;ic\u00f4ne du menu (symbolis\u00e9 par trois traits horizontaux). S\u00e9lectionnez Param\u00e8tres. Cliquez sur Afficher les param\u00e8tres avanc\u00e9s. Dans la section \u00ab\u00a0Confidentialit\u00e9\u00a0\u00bb, cliquez sur Pr\u00e9f\u00e9rences. Dans l&rsquo;onglet \u00ab\u00a0Confidentialit\u00e9\u00a0\u00bb, vous pouvez bloquer les cookies.<\/p>\n<h2>Glossaire<\/h2>\n<p>Utilisateur : Internaute qui se connecte en utilisant le site susvis\u00e9.<br \/>Informa\u00e7\u00e3o pessoal: \u201cinforma\u00e7\u00e3o que permita, sob qualquer forma, direta ou indiretamente, a identifica\u00e7\u00e3o das pessoas f\u00edsicas a quem se aplica\u201d<\/p>\n\t\t\t\t\t\t\t\t<\/div>\n\t\t\t\t<\/div>\n\t\t\t\t\t<\/div>\n\t\t<\/div>\n\t\t\t\t\t<\/div>\n\t\t<\/section>\n\t\t\t\t<\/div>\n\t\t","protected":false},"excerpt":{"rendered":"<p>1. Pr\u00e9sentation du site Internet VILLA MANGO JERIRua Joao Juliao S\/NVillage de Jericoacoara67, Jijoca de JericoacoaraCE, 62598-000, Br\u00e9sil CR\u00c9ATEUR DE SITE INTERNETAGENCE JRhttps:\/\/jr.agency 2. Conditions g\u00e9n\u00e9rales d&rsquo;utilisation du site et des services propos\u00e9s L&rsquo;utilisation du site villamango-jeri.com.br implique l&rsquo;acceptation pleine et enti\u00e8re des conditions g\u00e9n\u00e9rales d&rsquo;utilisation ci-apr\u00e8s d\u00e9crites. Ces conditions d&rsquo;utilisation sont susceptibles d&rsquo;\u00eatre modifi\u00e9es [&hellip;]<\/p>\n","protected":false},"author":1,"featured_media":0,"parent":0,"menu_order":102,"comment_status":"closed","ping_status":"closed","template":"","meta":{"_seopress_robots_primary_cat":"","_seopress_titles_title":"","_seopress_titles_desc":"","_seopress_robots_index":"oui","footnotes":""},"class_list":["post-1991","page","type-page","status-publish","hentry"],"_links":{"self":[{"href":"https:\/\/www.villamango-jeri.com.br\/fr\/wp-json\/wp\/v2\/pages\/1991","targetHints":{"allow":["GET"]}}],"collection":[{"href":"https:\/\/www.villamango-jeri.com.br\/fr\/wp-json\/wp\/v2\/pages"}],"about":[{"href":"https:\/\/www.villamango-jeri.com.br\/fr\/wp-json\/wp\/v2\/types\/page"}],"author":[{"embeddable":true,"href":"https:\/\/www.villamango-jeri.com.br\/fr\/wp-json\/wp\/v2\/users\/1"}],"replies":[{"embeddable":true,"href":"https:\/\/www.villamango-jeri.com.br\/fr\/wp-json\/wp\/v2\/comments?post=1991"}],"version-history":[{"count":5,"href":"https:\/\/www.villamango-jeri.com.br\/fr\/wp-json\/wp\/v2\/pages\/1991\/revisions"}],"predecessor-version":[{"id":4144,"href":"https:\/\/www.villamango-jeri.com.br\/fr\/wp-json\/wp\/v2\/pages\/1991\/revisions\/4144"}],"wp:attachment":[{"href":"https:\/\/www.villamango-jeri.com.br\/fr\/wp-json\/wp\/v2\/media?parent=1991"}],"curies":[{"name":"wp","href":"https:\/\/api.w.org\/{rel}","templated":true}]}}